{"id":2543,"date":"2023-11-29T09:30:48","date_gmt":"2023-11-29T08:30:48","guid":{"rendered":"https:\/\/goe.asime.es\/gointerhub\/"},"modified":"2023-12-14T15:20:37","modified_gmt":"2023-12-14T14:20:37","slug":"gointerhub","status":"publish","type":"page","link":"https:\/\/goe.asime.es\/en\/gointerhub\/","title":{"rendered":"GOinterHUB"},"content":{"rendered":"\t\t<div data-elementor-type=\"wp-page\" data-elementor-id=\"2543\" class=\"elementor elementor-2543 elementor-822\" data-elementor-post-type=\"page\">\n\t\t\t\t\t\t\t<div class=\"elementor-element elementor-element-c7ce95b e-flex e-con-boxed e-con e-parent\" data-id=\"c7ce95b\" data-element_type=\"container\" data-settings=\"{&quot;background_background&quot;:&quot;classic&quot;,&quot;content_width&quot;:&quot;boxed&quot;}\" data-core-v316-plus=\"true\">\n\t\t\t\t\t<div class=\"e-con-inner\">\n\t\t\t\t<div class=\"elementor-element elementor-element-345d69d elementor-widget__width-auto elementor-widget elementor-widget-heading\" data-id=\"345d69d\" data-element_type=\"widget\" data-widget_type=\"heading.default\">\n\t\t\t\t<div class=\"elementor-widget-container\">\n\t\t\t<style>\/*! elementor - v3.18.0 - 08-12-2023 *\/\n.elementor-heading-title{padding:0;margin:0;line-height:1}.elementor-widget-heading .elementor-heading-title[class*=elementor-size-]>a{color:inherit;font-size:inherit;line-height:inherit}.elementor-widget-heading .elementor-heading-title.elementor-size-small{font-size:15px}.elementor-widget-heading .elementor-heading-title.elementor-size-medium{font-size:19px}.elementor-widget-heading .elementor-heading-title.elementor-size-large{font-size:29px}.elementor-widget-heading .elementor-heading-title.elementor-size-xl{font-size:39px}.elementor-widget-heading .elementor-heading-title.elementor-size-xxl{font-size:59px}<\/style><h1 class=\"elementor-heading-title elementor-size-default\">GOinterHUB<\/h1>\t\t<\/div>\n\t\t\t\t<\/div>\n\t\t\t\t\t<\/div>\n\t\t\t\t<\/div>\n\t\t<div class=\"elementor-element elementor-element-42c1a8f e-flex e-con-boxed e-con e-parent\" data-id=\"42c1a8f\" data-element_type=\"container\" data-settings=\"{&quot;content_width&quot;:&quot;boxed&quot;}\" data-core-v316-plus=\"true\">\n\t\t\t\t\t<div class=\"e-con-inner\">\n\t\t<div class=\"elementor-element elementor-element-3a7db4e e-flex e-con-boxed e-con e-child\" data-id=\"3a7db4e\" data-element_type=\"container\" data-settings=\"{&quot;content_width&quot;:&quot;boxed&quot;}\">\n\t\t\t\t\t<div class=\"e-con-inner\">\n\t\t\t\t<div class=\"elementor-element elementor-element-3f83f2c elementor-widget elementor-widget-image\" data-id=\"3f83f2c\" data-element_type=\"widget\" data-widget_type=\"image.default\">\n\t\t\t\t<div class=\"elementor-widget-container\">\n\t\t\t<style>\/*! elementor - v3.18.0 - 08-12-2023 *\/\n.elementor-widget-image{text-align:center}.elementor-widget-image a{display:inline-block}.elementor-widget-image a img[src$=\".svg\"]{width:48px}.elementor-widget-image img{vertical-align:middle;display:inline-block}<\/style>\t\t\t\t\t\t\t\t\t\t\t\t\t<a href=\"https:\/\/galicianoffshoreinterhub.com\/\" target=\"_blank\" rel=\"noopener\">\n\t\t\t\t\t\t\t<img fetchpriority=\"high\" decoding=\"async\" width=\"1024\" height=\"187\" src=\"https:\/\/goe.asime.es\/wp-content\/uploads\/2023\/11\/GOinterHUB-1-1024x187.jpg\" class=\"attachment-large size-large wp-image-835\" alt=\"\" srcset=\"https:\/\/goe.asime.es\/wp-content\/uploads\/2023\/11\/GOinterHUB-1-1024x187.jpg 1024w, https:\/\/goe.asime.es\/wp-content\/uploads\/2023\/11\/GOinterHUB-1-300x55.jpg 300w, https:\/\/goe.asime.es\/wp-content\/uploads\/2023\/11\/GOinterHUB-1-768x141.jpg 768w, https:\/\/goe.asime.es\/wp-content\/uploads\/2023\/11\/GOinterHUB-1-1536x281.jpg 1536w, https:\/\/goe.asime.es\/wp-content\/uploads\/2023\/11\/GOinterHUB-1-2048x375.jpg 2048w\" sizes=\"(max-width: 1024px) 100vw, 1024px\" \/>\t\t\t\t\t\t\t\t<\/a>\n\t\t\t\t\t\t\t\t\t\t\t\t\t\t\t<\/div>\n\t\t\t\t<\/div>\n\t\t\t\t<div class=\"elementor-element elementor-element-bc2c238 elementor-widget elementor-widget-text-editor\" data-id=\"bc2c238\" data-element_type=\"widget\" data-widget_type=\"text-editor.default\">\n\t\t\t\t<div class=\"elementor-widget-container\">\n\t\t\t<style>\/*! elementor - v3.18.0 - 08-12-2023 *\/\n.elementor-widget-text-editor.elementor-drop-cap-view-stacked .elementor-drop-cap{background-color:#69727d;color:#fff}.elementor-widget-text-editor.elementor-drop-cap-view-framed .elementor-drop-cap{color:#69727d;border:3px solid;background-color:transparent}.elementor-widget-text-editor:not(.elementor-drop-cap-view-default) .elementor-drop-cap{margin-top:8px}.elementor-widget-text-editor:not(.elementor-drop-cap-view-default) .elementor-drop-cap-letter{width:1em;height:1em}.elementor-widget-text-editor .elementor-drop-cap{float:left;text-align:center;line-height:1;font-size:50px}.elementor-widget-text-editor .elementor-drop-cap-letter{display:inline-block}<\/style>\t\t\t\t<p>One of the main actions for the promotion of the <strong>offshore wind sector carried out in Galicia is the GoInterHub (Galician Offshore International Hub) international congress.<\/strong> This event, organised annually by GOE-Asime, the Xunta de Galicia, Navantia Seanergies and Windar, has already staged more than six editions, becoming a leading event on the international scene.<\/p>\n\t\t\t\t\t\t<\/div>\n\t\t\t\t<\/div>\n\t\t\t\t<div class=\"elementor-element elementor-element-d14958a elementor-widget elementor-widget-text-editor\" data-id=\"d14958a\" data-element_type=\"widget\" data-widget_type=\"text-editor.default\">\n\t\t\t\t<div class=\"elementor-widget-container\">\n\t\t\t\t\t\t\t<p>Every year, the city of Ferrol, where the Navantia public shipyard specialising in offshore wind foundations is located, becomes a meeting point for more than 400 professionals from all over the world, who gather in Galicia to discuss challenges, capabilities and business opportunities in offshore wind energy.<\/p>\n<p>The main objective of the congress is to disseminate the enormous growth potential of the offshore wind market, placing Galicia at the forefront of this revolution that allows the development of a more innovative and competitive industry.<\/p>\n\t\t\t\t\t\t<\/div>\n\t\t\t\t<\/div>\n\t\t\t\t<div class=\"elementor-element elementor-element-c207dad elementor-widget elementor-widget-button\" data-id=\"c207dad\" data-element_type=\"widget\" data-widget_type=\"button.default\">\n\t\t\t\t<div class=\"elementor-widget-container\">\n\t\t\t\t\t<div class=\"elementor-button-wrapper\">\n\t\t\t<a class=\"elementor-button elementor-button-link elementor-size-md\" href=\"https:\/\/galicianoffshoreinterhub.com\" target=\"_blank\" rel=\"noopener\">\n\t\t\t\t\t\t<span class=\"elementor-button-content-wrapper\">\n\t\t\t\t\t\t<span class=\"elementor-button-text\">More information<\/span>\n\t\t<\/span>\n\t\t\t\t\t<\/a>\n\t\t<\/div>\n\t\t\t\t<\/div>\n\t\t\t\t<\/div>\n\t\t\t\t\t<\/div>\n\t\t\t\t<\/div>\n\t\t\t\t\t<\/div>\n\t\t\t\t<\/div>\n\t\t<div class=\"elementor-element elementor-element-330c2ea e-flex e-con-boxed e-con e-parent\" data-id=\"330c2ea\" data-element_type=\"container\" data-settings=\"{&quot;content_width&quot;:&quot;boxed&quot;}\" data-core-v316-plus=\"true\">\n\t\t\t\t\t<div class=\"e-con-inner\">\n\t\t\t\t<div class=\"elementor-element elementor-element-461e30d gallery-spacing-custom elementor-widget elementor-widget-image-gallery\" data-id=\"461e30d\" data-element_type=\"widget\" data-widget_type=\"image-gallery.default\">\n\t\t\t\t<div class=\"elementor-widget-container\">\n\t\t\t<style>.elementor-image-gallery .gallery-item{display:inline-block;text-align:center;vertical-align:top;width:100%;max-width:100%;margin:0 auto}.elementor-image-gallery .gallery-item img{margin:0 auto}.elementor-image-gallery .gallery-item .gallery-caption{margin:0}.elementor-image-gallery figure img{display:block}.elementor-image-gallery figure figcaption{width:100%}.gallery-spacing-custom .elementor-image-gallery .gallery-icon{padding:0}@media (min-width:768px){.elementor-image-gallery .gallery-columns-2 .gallery-item{max-width:50%}.elementor-image-gallery .gallery-columns-3 .gallery-item{max-width:33.33%}.elementor-image-gallery .gallery-columns-4 .gallery-item{max-width:25%}.elementor-image-gallery .gallery-columns-5 .gallery-item{max-width:20%}.elementor-image-gallery .gallery-columns-6 .gallery-item{max-width:16.666%}.elementor-image-gallery .gallery-columns-7 .gallery-item{max-width:14.28%}.elementor-image-gallery .gallery-columns-8 .gallery-item{max-width:12.5%}.elementor-image-gallery .gallery-columns-9 .gallery-item{max-width:11.11%}.elementor-image-gallery .gallery-columns-10 .gallery-item{max-width:10%}}@media (min-width:480px) and (max-width:767px){.elementor-image-gallery .gallery.gallery-columns-2 .gallery-item,.elementor-image-gallery .gallery.gallery-columns-3 .gallery-item,.elementor-image-gallery .gallery.gallery-columns-4 .gallery-item,.elementor-image-gallery .gallery.gallery-columns-5 .gallery-item,.elementor-image-gallery .gallery.gallery-columns-6 .gallery-item,.elementor-image-gallery .gallery.gallery-columns-7 .gallery-item,.elementor-image-gallery .gallery.gallery-columns-8 .gallery-item,.elementor-image-gallery .gallery.gallery-columns-9 .gallery-item,.elementor-image-gallery .gallery.gallery-columns-10 .gallery-item{max-width:50%}}@media (max-width:479px){.elementor-image-gallery .gallery.gallery-columns-2 .gallery-item,.elementor-image-gallery .gallery.gallery-columns-3 .gallery-item,.elementor-image-gallery .gallery.gallery-columns-4 .gallery-item,.elementor-image-gallery .gallery.gallery-columns-5 .gallery-item,.elementor-image-gallery .gallery.gallery-columns-6 .gallery-item,.elementor-image-gallery .gallery.gallery-columns-7 .gallery-item,.elementor-image-gallery .gallery.gallery-columns-8 .gallery-item,.elementor-image-gallery .gallery.gallery-columns-9 .gallery-item,.elementor-image-gallery .gallery.gallery-columns-10 .gallery-item{max-width:100%}}<\/style>\t\t<div class=\"elementor-image-gallery\">\n\t\t\t<div id='gallery-1' class='gallery galleryid-2543 gallery-columns-4 gallery-size-large'><figure class='gallery-item'>\n\t\t\t<div class='gallery-icon landscape'>\n\t\t\t\t<a data-elementor-open-lightbox=\"yes\" data-elementor-lightbox-slideshow=\"461e30d\" data-e-action-hash=\"#elementor-action%3Aaction%3Dlightbox%26settings%3DeyJpZCI6ODQyLCJ1cmwiOiJodHRwczpcL1wvZ29lLmFzaW1lLmVzXC93cC1jb250ZW50XC91cGxvYWRzXC8yMDIzXC8xMVwvR09pbnRlckhVQjJfMS1zY2FsZWQuanBnIiwic2xpZGVzaG93IjoiNDYxZTMwZCJ9\" href=\"https:\/\/goe.asime.es\/wp-content\/uploads\/2023\/11\/GOinterHUB2_1-scaled.jpg\"><img decoding=\"async\" width=\"1024\" height=\"683\" src=\"https:\/\/goe.asime.es\/wp-content\/uploads\/2023\/11\/GOinterHUB2_1-1024x683.jpg\" class=\"attachment-large size-large\" alt=\"\" aria-describedby=\"gallery-1-842\" srcset=\"https:\/\/goe.asime.es\/wp-content\/uploads\/2023\/11\/GOinterHUB2_1-1024x683.jpg 1024w, https:\/\/goe.asime.es\/wp-content\/uploads\/2023\/11\/GOinterHUB2_1-300x200.jpg 300w, https:\/\/goe.asime.es\/wp-content\/uploads\/2023\/11\/GOinterHUB2_1-768x512.jpg 768w, https:\/\/goe.asime.es\/wp-content\/uploads\/2023\/11\/GOinterHUB2_1-1536x1024.jpg 1536w, https:\/\/goe.asime.es\/wp-content\/uploads\/2023\/11\/GOinterHUB2_1-2048x1365.jpg 2048w\" sizes=\"(max-width: 1024px) 100vw, 1024px\" \/><\/a>\n\t\t\t<\/div>\n\t\t\t\t<figcaption class='wp-caption-text gallery-caption' id='gallery-1-842'>\n\t\t\t\tFerrol .03.03.2023. EOLICA MARINA. La ministra de Transaci\u00f3n Ecol\u00f3gica Teresa Ribera, participa en l Ferrol en la inauguraci\u00f3n del sexto congreso \u201cGalician Offshore International Hub sobre e\u00f3lica marina , junto a los presidentes de Windar Renovables , Navantia, Asime   y a los alcaldes de Ferrol y Fene en el CIS de A Cabana, Foto:kiko delgado\n\t\t\t\t<\/figcaption><\/figure><figure class='gallery-item'>\n\t\t\t<div class='gallery-icon landscape'>\n\t\t\t\t<a data-elementor-open-lightbox=\"yes\" data-elementor-lightbox-slideshow=\"461e30d\" data-e-action-hash=\"#elementor-action%3Aaction%3Dlightbox%26settings%3DeyJpZCI6ODQ0LCJ1cmwiOiJodHRwczpcL1wvZ29lLmFzaW1lLmVzXC93cC1jb250ZW50XC91cGxvYWRzXC8yMDIzXC8xMVwvR09pbnRlckhVQjNfMS1zY2FsZWQuanBnIiwic2xpZGVzaG93IjoiNDYxZTMwZCJ9\" href=\"https:\/\/goe.asime.es\/wp-content\/uploads\/2023\/11\/GOinterHUB3_1-scaled.jpg\"><img decoding=\"async\" width=\"1024\" height=\"683\" src=\"https:\/\/goe.asime.es\/wp-content\/uploads\/2023\/11\/GOinterHUB3_1-1024x683.jpg\" class=\"attachment-large size-large\" alt=\"\" aria-describedby=\"gallery-1-844\" srcset=\"https:\/\/goe.asime.es\/wp-content\/uploads\/2023\/11\/GOinterHUB3_1-1024x683.jpg 1024w, https:\/\/goe.asime.es\/wp-content\/uploads\/2023\/11\/GOinterHUB3_1-300x200.jpg 300w, https:\/\/goe.asime.es\/wp-content\/uploads\/2023\/11\/GOinterHUB3_1-768x512.jpg 768w, https:\/\/goe.asime.es\/wp-content\/uploads\/2023\/11\/GOinterHUB3_1-1536x1024.jpg 1536w, https:\/\/goe.asime.es\/wp-content\/uploads\/2023\/11\/GOinterHUB3_1-2048x1365.jpg 2048w\" sizes=\"(max-width: 1024px) 100vw, 1024px\" \/><\/a>\n\t\t\t<\/div>\n\t\t\t\t<figcaption class='wp-caption-text gallery-caption' id='gallery-1-844'>\n\t\t\t\tFerrol .03.03.2023. EOLICA MARINA. La ministra de Transaci\u00f3n Ecol\u00f3gica Teresa Ribera, participa en l Ferrol en la inauguraci\u00f3n del sexto congreso \u201cGalician Offshore International Hub sobre e\u00f3lica marina , junto a los presidentes de Windar Renovables , Navantia, Asime   y a los alcaldes de Ferrol y Fene en el CIS de A Cabana, Foto:kiko delgado\n\t\t\t\t<\/figcaption><\/figure><figure class='gallery-item'>\n\t\t\t<div class='gallery-icon landscape'>\n\t\t\t\t<a data-elementor-open-lightbox=\"yes\" data-elementor-lightbox-slideshow=\"461e30d\" data-e-action-hash=\"#elementor-action%3Aaction%3Dlightbox%26settings%3DeyJpZCI6ODQ2LCJ1cmwiOiJodHRwczpcL1wvZ29lLmFzaW1lLmVzXC93cC1jb250ZW50XC91cGxvYWRzXC8yMDIzXC8xMVwvR09pbnRlckhVQjRfMS1zY2FsZWQuanBnIiwic2xpZGVzaG93IjoiNDYxZTMwZCJ9\" href=\"https:\/\/goe.asime.es\/wp-content\/uploads\/2023\/11\/GOinterHUB4_1-scaled.jpg\"><img loading=\"lazy\" decoding=\"async\" width=\"1024\" height=\"683\" src=\"https:\/\/goe.asime.es\/wp-content\/uploads\/2023\/11\/GOinterHUB4_1-1024x683.jpg\" class=\"attachment-large size-large\" alt=\"\" aria-describedby=\"gallery-1-846\" srcset=\"https:\/\/goe.asime.es\/wp-content\/uploads\/2023\/11\/GOinterHUB4_1-1024x683.jpg 1024w, https:\/\/goe.asime.es\/wp-content\/uploads\/2023\/11\/GOinterHUB4_1-300x200.jpg 300w, https:\/\/goe.asime.es\/wp-content\/uploads\/2023\/11\/GOinterHUB4_1-768x512.jpg 768w, https:\/\/goe.asime.es\/wp-content\/uploads\/2023\/11\/GOinterHUB4_1-1536x1024.jpg 1536w, https:\/\/goe.asime.es\/wp-content\/uploads\/2023\/11\/GOinterHUB4_1-2048x1365.jpg 2048w\" sizes=\"(max-width: 1024px) 100vw, 1024px\" \/><\/a>\n\t\t\t<\/div>\n\t\t\t\t<figcaption class='wp-caption-text gallery-caption' id='gallery-1-846'>\n\t\t\t\tFerrol .03.03.2023. EOLICA MARINA. La ministra de Transaci\u00f3n Ecol\u00f3gica Teresa Ribera, participa en l Ferrol en la inauguraci\u00f3n del sexto congreso \u201cGalician Offshore International Hub sobre e\u00f3lica marina , junto a los presidentes de Windar Renovables , Navantia, Asime   y a los alcaldes de Ferrol y Fene en el CIS de A Cabana, Foto:kiko delgado\n\t\t\t\t<\/figcaption><\/figure><figure class='gallery-item'>\n\t\t\t<div class='gallery-icon landscape'>\n\t\t\t\t<a data-elementor-open-lightbox=\"yes\" data-elementor-lightbox-slideshow=\"461e30d\" data-e-action-hash=\"#elementor-action%3Aaction%3Dlightbox%26settings%3DeyJpZCI6ODQ4LCJ1cmwiOiJodHRwczpcL1wvZ29lLmFzaW1lLmVzXC93cC1jb250ZW50XC91cGxvYWRzXC8yMDIzXC8xMVwvR09pbnRlckhVQjVfMS1zY2FsZWQuanBnIiwic2xpZGVzaG93IjoiNDYxZTMwZCJ9\" href=\"https:\/\/goe.asime.es\/wp-content\/uploads\/2023\/11\/GOinterHUB5_1-scaled.jpg\"><img loading=\"lazy\" decoding=\"async\" width=\"1024\" height=\"683\" src=\"https:\/\/goe.asime.es\/wp-content\/uploads\/2023\/11\/GOinterHUB5_1-1024x683.jpg\" class=\"attachment-large size-large\" alt=\"\" srcset=\"https:\/\/goe.asime.es\/wp-content\/uploads\/2023\/11\/GOinterHUB5_1-1024x683.jpg 1024w, https:\/\/goe.asime.es\/wp-content\/uploads\/2023\/11\/GOinterHUB5_1-300x200.jpg 300w, https:\/\/goe.asime.es\/wp-content\/uploads\/2023\/11\/GOinterHUB5_1-768x512.jpg 768w, https:\/\/goe.asime.es\/wp-content\/uploads\/2023\/11\/GOinterHUB5_1-1536x1024.jpg 1536w, https:\/\/goe.asime.es\/wp-content\/uploads\/2023\/11\/GOinterHUB5_1-2048x1365.jpg 2048w\" sizes=\"(max-width: 1024px) 100vw, 1024px\" \/><\/a>\n\t\t\t<\/div><\/figure><figure class='gallery-item'>\n\t\t\t<div class='gallery-icon landscape'>\n\t\t\t\t<a data-elementor-open-lightbox=\"yes\" data-elementor-lightbox-slideshow=\"461e30d\" data-e-action-hash=\"#elementor-action%3Aaction%3Dlightbox%26settings%3DeyJpZCI6ODUwLCJ1cmwiOiJodHRwczpcL1wvZ29lLmFzaW1lLmVzXC93cC1jb250ZW50XC91cGxvYWRzXC8yMDIzXC8xMVwvR09pbnRlckhVQjZfMS1zY2FsZWQuanBnIiwic2xpZGVzaG93IjoiNDYxZTMwZCJ9\" href=\"https:\/\/goe.asime.es\/wp-content\/uploads\/2023\/11\/GOinterHUB6_1-scaled.jpg\"><img loading=\"lazy\" decoding=\"async\" width=\"1024\" height=\"683\" src=\"https:\/\/goe.asime.es\/wp-content\/uploads\/2023\/11\/GOinterHUB6_1-1024x683.jpg\" class=\"attachment-large size-large\" alt=\"\" aria-describedby=\"gallery-1-850\" srcset=\"https:\/\/goe.asime.es\/wp-content\/uploads\/2023\/11\/GOinterHUB6_1-1024x683.jpg 1024w, https:\/\/goe.asime.es\/wp-content\/uploads\/2023\/11\/GOinterHUB6_1-300x200.jpg 300w, https:\/\/goe.asime.es\/wp-content\/uploads\/2023\/11\/GOinterHUB6_1-768x512.jpg 768w, https:\/\/goe.asime.es\/wp-content\/uploads\/2023\/11\/GOinterHUB6_1-1536x1024.jpg 1536w, https:\/\/goe.asime.es\/wp-content\/uploads\/2023\/11\/GOinterHUB6_1-2048x1365.jpg 2048w\" sizes=\"(max-width: 1024px) 100vw, 1024px\" \/><\/a>\n\t\t\t<\/div>\n\t\t\t\t<figcaption class='wp-caption-text gallery-caption' id='gallery-1-850'>\n\t\t\t\tFerrol .03.03.2023. EOLICA MARINA. La ministra de Transaci\u00f3n Ecol\u00f3gica Teresa Ribera, participa en l Ferrol en la inauguraci\u00f3n del sexto congreso \u201cGalician Offshore International Hub sobre e\u00f3lica marina , junto a los presidentes de Windar Renovables , Navantia, Asime   y a los alcaldes de Ferrol y Fene en el CIS de A Cabana, Foto:kiko delgado\n\t\t\t\t<\/figcaption><\/figure><figure class='gallery-item'>\n\t\t\t<div class='gallery-icon landscape'>\n\t\t\t\t<a data-elementor-open-lightbox=\"yes\" data-elementor-lightbox-slideshow=\"461e30d\" data-e-action-hash=\"#elementor-action%3Aaction%3Dlightbox%26settings%3DeyJpZCI6ODUyLCJ1cmwiOiJodHRwczpcL1wvZ29lLmFzaW1lLmVzXC93cC1jb250ZW50XC91cGxvYWRzXC8yMDIzXC8xMVwvR09pbnRlckhVQjcuanBlZyIsInNsaWRlc2hvdyI6IjQ2MWUzMGQifQ%3D%3D\" href=\"https:\/\/goe.asime.es\/wp-content\/uploads\/2023\/11\/GOinterHUB7.jpeg\"><img loading=\"lazy\" decoding=\"async\" width=\"1024\" height=\"683\" src=\"https:\/\/goe.asime.es\/wp-content\/uploads\/2023\/11\/GOinterHUB7.jpeg\" class=\"attachment-large size-large\" alt=\"\" srcset=\"https:\/\/goe.asime.es\/wp-content\/uploads\/2023\/11\/GOinterHUB7.jpeg 1024w, https:\/\/goe.asime.es\/wp-content\/uploads\/2023\/11\/GOinterHUB7-300x200.jpeg 300w, https:\/\/goe.asime.es\/wp-content\/uploads\/2023\/11\/GOinterHUB7-768x512.jpeg 768w\" sizes=\"(max-width: 1024px) 100vw, 1024px\" \/><\/a>\n\t\t\t<\/div><\/figure><figure class='gallery-item'>\n\t\t\t<div class='gallery-icon landscape'>\n\t\t\t\t<a data-elementor-open-lightbox=\"yes\" data-elementor-lightbox-slideshow=\"461e30d\" data-e-action-hash=\"#elementor-action%3Aaction%3Dlightbox%26settings%3DeyJpZCI6ODU0LCJ1cmwiOiJodHRwczpcL1wvZ29lLmFzaW1lLmVzXC93cC1jb250ZW50XC91cGxvYWRzXC8yMDIzXC8xMVwvR09pbnRlckhVQjFfMS1zY2FsZWQuanBnIiwic2xpZGVzaG93IjoiNDYxZTMwZCJ9\" href=\"https:\/\/goe.asime.es\/wp-content\/uploads\/2023\/11\/GOinterHUB1_1-scaled.jpg\"><img loading=\"lazy\" decoding=\"async\" width=\"1024\" height=\"683\" src=\"https:\/\/goe.asime.es\/wp-content\/uploads\/2023\/11\/GOinterHUB1_1-1024x683.jpg\" class=\"attachment-large size-large\" alt=\"\" aria-describedby=\"gallery-1-854\" srcset=\"https:\/\/goe.asime.es\/wp-content\/uploads\/2023\/11\/GOinterHUB1_1-1024x683.jpg 1024w, https:\/\/goe.asime.es\/wp-content\/uploads\/2023\/11\/GOinterHUB1_1-300x200.jpg 300w, https:\/\/goe.asime.es\/wp-content\/uploads\/2023\/11\/GOinterHUB1_1-768x512.jpg 768w, https:\/\/goe.asime.es\/wp-content\/uploads\/2023\/11\/GOinterHUB1_1-1536x1024.jpg 1536w, https:\/\/goe.asime.es\/wp-content\/uploads\/2023\/11\/GOinterHUB1_1-2048x1365.jpg 2048w\" sizes=\"(max-width: 1024px) 100vw, 1024px\" \/><\/a>\n\t\t\t<\/div>\n\t\t\t\t<figcaption class='wp-caption-text gallery-caption' id='gallery-1-854'>\n\t\t\t\tFerrol .03.03.2023. EOLICA MARINA. La ministra de Transaci\u00f3n Ecol\u00f3gica Teresa Ribera, participa en l Ferrol en la inauguraci\u00f3n del sexto congreso \u201cGalician Offshore International Hub sobre e\u00f3lica marina , junto a los presidentes de Windar Renovables , Navantia, Asime   y a los alcaldes de Ferrol y Fene en el CIS de A Cabana, Foto:kiko delgado\n\t\t\t\t<\/figcaption><\/figure>\n\t\t<\/div>\n\t\t<\/div>\n\t\t\t\t<\/div>\n\t\t\t\t<\/div>\n\t\t\t\t\t<\/div>\n\t\t\t\t<\/div>\n\t\t<div class=\"elementor-element elementor-element-3a93343 e-flex e-con-boxed e-con e-parent\" data-id=\"3a93343\" data-element_type=\"container\" data-settings=\"{&quot;content_width&quot;:&quot;boxed&quot;}\" data-core-v316-plus=\"true\">\n\t\t\t\t\t<div class=\"e-con-inner\">\n\t\t<div class=\"elementor-element elementor-element-04ac0ca e-flex e-con-boxed e-con e-child\" data-id=\"04ac0ca\" data-element_type=\"container\" data-settings=\"{&quot;content_width&quot;:&quot;boxed&quot;}\">\n\t\t\t\t\t<div class=\"e-con-inner\">\n\t\t\t\t<div class=\"elementor-element elementor-element-cdee2fe elementor-widget elementor-widget-heading\" data-id=\"cdee2fe\" data-element_type=\"widget\" data-widget_type=\"heading.default\">\n\t\t\t\t<div class=\"elementor-widget-container\">\n\t\t\t<h4 class=\"elementor-heading-title elementor-size-default\">organizers<\/h4>\t\t<\/div>\n\t\t\t\t<\/div>\n\t\t\t\t\t<\/div>\n\t\t\t\t<\/div>\n\t\t<div class=\"elementor-element elementor-element-78ea936 e-flex e-con-boxed e-con e-child\" data-id=\"78ea936\" data-element_type=\"container\" data-settings=\"{&quot;content_width&quot;:&quot;boxed&quot;}\">\n\t\t\t\t\t<div class=\"e-con-inner\">\n\t\t\t\t<div class=\"elementor-element elementor-element-f6152e8 elementor-widget__width-initial elementor-widget elementor-widget-image\" data-id=\"f6152e8\" data-element_type=\"widget\" data-widget_type=\"image.default\">\n\t\t\t\t<div class=\"elementor-widget-container\">\n\t\t\t\t\t\t\t\t\t\t\t\t\t\t\t<img loading=\"lazy\" decoding=\"async\" width=\"1024\" height=\"789\" src=\"https:\/\/goe.asime.es\/wp-content\/uploads\/2023\/12\/Asime-logo-goe-wind-1-1024x789.png\" class=\"attachment-large size-large wp-image-2954\" alt=\"\" srcset=\"https:\/\/goe.asime.es\/wp-content\/uploads\/2023\/12\/Asime-logo-goe-wind-1-1024x789.png 1024w, https:\/\/goe.asime.es\/wp-content\/uploads\/2023\/12\/Asime-logo-goe-wind-1-300x231.png 300w, https:\/\/goe.asime.es\/wp-content\/uploads\/2023\/12\/Asime-logo-goe-wind-1-768x592.png 768w, https:\/\/goe.asime.es\/wp-content\/uploads\/2023\/12\/Asime-logo-goe-wind-1-1536x1184.png 1536w, https:\/\/goe.asime.es\/wp-content\/uploads\/2023\/12\/Asime-logo-goe-wind-1-2048x1578.png 2048w\" sizes=\"(max-width: 1024px) 100vw, 1024px\" \/>\t\t\t\t\t\t\t\t\t\t\t\t\t\t\t<\/div>\n\t\t\t\t<\/div>\n\t\t\t\t<div class=\"elementor-element elementor-element-c6b0aa9 elementor-widget__width-initial elementor-widget elementor-widget-image\" data-id=\"c6b0aa9\" data-element_type=\"widget\" data-widget_type=\"image.default\">\n\t\t\t\t<div class=\"elementor-widget-container\">\n\t\t\t\t\t\t\t\t\t\t\t\t\t\t\t<img loading=\"lazy\" decoding=\"async\" width=\"260\" height=\"50\" src=\"https:\/\/goe.asime.es\/wp-content\/uploads\/2023\/12\/seanerfies-1.png\" class=\"attachment-large size-large wp-image-2956\" alt=\"\" \/>\t\t\t\t\t\t\t\t\t\t\t\t\t\t\t<\/div>\n\t\t\t\t<\/div>\n\t\t\t\t<div class=\"elementor-element elementor-element-4c214cf elementor-widget__width-initial elementor-widget elementor-widget-image\" data-id=\"4c214cf\" data-element_type=\"widget\" data-widget_type=\"image.default\">\n\t\t\t\t<div class=\"elementor-widget-container\">\n\t\t\t\t\t\t\t\t\t\t\t\t\t\t\t<img loading=\"lazy\" decoding=\"async\" width=\"260\" height=\"195\" src=\"https:\/\/goe.asime.es\/wp-content\/uploads\/2023\/12\/marca_WINDAR_V-qg636p732t1uft3tofhxngagxge79tw6dy5sghk6u6-1.png\" class=\"attachment-large size-large wp-image-2958\" alt=\"\" \/>\t\t\t\t\t\t\t\t\t\t\t\t\t\t\t<\/div>\n\t\t\t\t<\/div>\n\t\t\t\t<div class=\"elementor-element elementor-element-c85e068 elementor-widget__width-initial elementor-widget elementor-widget-image\" data-id=\"c85e068\" data-element_type=\"widget\" data-widget_type=\"image.default\">\n\t\t\t\t<div class=\"elementor-widget-container\">\n\t\t\t\t\t\t\t\t\t\t\t\t\t\t\t<img loading=\"lazy\" decoding=\"async\" width=\"145\" height=\"44\" src=\"https:\/\/goe.asime.es\/wp-content\/uploads\/2023\/12\/logo-xunta-1.png\" class=\"attachment-large size-large wp-image-2960\" alt=\"\" \/>\t\t\t\t\t\t\t\t\t\t\t\t\t\t\t<\/div>\n\t\t\t\t<\/div>\n\t\t\t\t\t<\/div>\n\t\t\t\t<\/div>\n\t\t\t\t\t<\/div>\n\t\t\t\t<\/div>\n\t\t\t\t\t\t\t<\/div>\n\t\t","protected":false},"excerpt":{"rendered":"<p>GOinterHUB One of the main actions for the promotion of the offshore wind sector carried out in Galicia is the GoInterHub (Galician Offshore International Hub) international congress. This event, organised annually by GOE-Asime, the Xunta de Galicia, Navantia Seanergies and Windar, has already staged more than six editions, becoming a leading event on the international &#8230; <a title=\"GOinterHUB\" class=\"read-more\" href=\"https:\/\/goe.asime.es\/en\/gointerhub\/\" aria-label=\"More on GOinterHUB\">Read more<\/a><\/p>\n","protected":false},"author":1,"featured_media":0,"parent":0,"menu_order":0,"comment_status":"closed","ping_status":"closed","template":"","meta":{"footnotes":""},"class_list":["post-2543","page","type-page","status-publish"],"acf":[],"_links":{"self":[{"href":"https:\/\/goe.asime.es\/en\/wp-json\/wp\/v2\/pages\/2543","targetHints":{"allow":["GET"]}}],"collection":[{"href":"https:\/\/goe.asime.es\/en\/wp-json\/wp\/v2\/pages"}],"about":[{"href":"https:\/\/goe.asime.es\/en\/wp-json\/wp\/v2\/types\/page"}],"author":[{"embeddable":true,"href":"https:\/\/goe.asime.es\/en\/wp-json\/wp\/v2\/users\/1"}],"replies":[{"embeddable":true,"href":"https:\/\/goe.asime.es\/en\/wp-json\/wp\/v2\/comments?post=2543"}],"version-history":[{"count":0,"href":"https:\/\/goe.asime.es\/en\/wp-json\/wp\/v2\/pages\/2543\/revisions"}],"wp:attachment":[{"href":"https:\/\/goe.asime.es\/en\/wp-json\/wp\/v2\/media?parent=2543"}],"curies":[{"name":"wp","href":"https:\/\/api.w.org\/{rel}","templated":true}]}}